{"id":15,"date":"2013-03-24T10:12:49","date_gmt":"2013-03-24T09:12:49","guid":{"rendered":"http:\/\/iaeste.umh.es\/%c2%bfque-es-iaeste\/"},"modified":"2014-10-22T11:18:01","modified_gmt":"2014-10-22T10:18:01","slug":"%c2%bfque-es-iaeste","status":"publish","type":"page","link":"https:\/\/iaeste.umh.es\/ca\/%c2%bfque-es-iaeste\/","title":{"rendered":"Qu\u00e9 \u00e9s IAESTE?"},"content":{"rendered":"<p>IAESTE \u00e9s un programa de mobilitat internacional per a la realitzaci\u00f3 de pr\u00e0ctiques professionals remunerades per a estudiants en el marc de la cooperaci\u00f3 Universidad-Empresa.<\/p>\n<p>El cos internacional d&#8217;IAESTE \u00e9s una organitzaci\u00f3 no governamental, independent i apol\u00edtica, que mant\u00e9 una relaci\u00f3 consultiva amb alguns organismes de Nacions Unides com la UNESCO, ECOSOC, ILO, UNIT, aix\u00ed com amb altres institucions educatives.<\/p>\n<p>El programa IAESTE acumula des dels seus or\u00edgens m\u00e9s de 300.000 intercanvis i \u00e9s l&#8217;associaci\u00f3 amb m\u00e9s experi\u00e8ncia pel que fa a la mobilitat internacional en l&#8217;\u00e0mbit universitari. Actualment, formen part de l&#8217;associaci\u00f3 m\u00e9s de 80 pa\u00efsos.<\/p>\n<p>Els seus objectius principals s\u00f3n proporcionar als estudiants universitaris d&#8217;especialitats t\u00e8cniques i cient\u00edfiques una experi\u00e8ncia professional en l&#8217;estranger relacionada amb els seus estudis i promoure l&#8217;enteniment i la bona voluntat entre els estudiants de tot el m\u00f3n amb indep\u00e8ncia de sexe, ra\u00e7a o religi\u00f3.<\/p>\n<p>A continuaci\u00f3 es mostra la baremaci\u00f3 interna de les ajudes.<\/p>\n<p><a href=\"https:\/\/iaeste.umh.es\/files\/2013\/03\/BAREMO-PUNTUACI\u00d3N-IAESTE-UMH.pdf\">BAREMO PUNTUACI\u00d3N IAESTE UMH<\/a><\/p>","protected":false},"excerpt":{"rendered":"<p>IAESTE \u00e9s un programa de mobilitat internacional per a la realitzaci\u00f3 de pr\u00e0ctiques professionals remunerades per a estudiants en el marc de la cooperaci\u00f3 Universidad-Empresa.<br \/>\nEl cos internacional d&#8217;IAESTE \u00e9s una organitzaci\u00f3 no governamental, independent i apol\u00edtica, que mant\u00e9 una relaci\u00f3 consultiva amb alguns organismes de Nacions Unides com la UNESCO, ECOSOC, ILO, UNIT, aix\u00ed com [&#8230;]<\/p>\n","protected":false},"author":2721,"featured_media":0,"parent":0,"menu_order":0,"comment_status":"closed","ping_status":"open","template":"","meta":{"_links_to":"","_links_to_target":""},"_links":{"self":[{"href":"https:\/\/iaeste.umh.es\/ca\/wp-json\/wp\/v2\/pages\/15"}],"collection":[{"href":"https:\/\/iaeste.umh.es\/ca\/wp-json\/wp\/v2\/pages"}],"about":[{"href":"https:\/\/iaeste.umh.es\/ca\/wp-json\/wp\/v2\/types\/page"}],"author":[{"embeddable":true,"href":"https:\/\/iaeste.umh.es\/ca\/wp-json\/wp\/v2\/users\/2721"}],"replies":[{"embeddable":true,"href":"https:\/\/iaeste.umh.es\/ca\/wp-json\/wp\/v2\/comments?post=15"}],"version-history":[{"count":0,"href":"https:\/\/iaeste.umh.es\/ca\/wp-json\/wp\/v2\/pages\/15\/revisions"}],"wp:attachment":[{"href":"https:\/\/iaeste.umh.es\/ca\/wp-json\/wp\/v2\/media?parent=15"}],"curies":[{"name":"wp","href":"https:\/\/api.w.org\/{rel}","templated":true}]}}