{"id":4,"date":"2013-02-26T17:27:42","date_gmt":"2013-02-26T16:27:42","guid":{"rendered":"http:\/\/iaeste.zeus.umh.es\/presentacion\/"},"modified":"2024-01-23T14:17:25","modified_gmt":"2024-01-23T13:17:25","slug":"presentacion","status":"publish","type":"page","link":"https:\/\/iaeste.umh.es\/ca\/","title":{"rendered":"Presentaci\u00f3"},"content":{"rendered":"<p><\/p>\n<table style=\"border: none\" width=\"660\">\n<tbody>\n<tr>\n<td style=\"border-color: transparent\"><img loading=\"lazy\" class=\"alignleft size-full wp-image-6\" title=\"Escudo IAESTE\" alt=\"\" src=\"https:\/\/iaeste.umh.es\/files\/2013\/03\/escudo-iaeste.jpeg\" width=\"250\" height=\"190\" \/><\/td>\n<td style=\"border-color: transparent\">\n<p style=\"text-align: justify\">Benvinguts al blog d&#8217;IAESTE en la UMH!<br \/>\nIAESTE UMH \u00e9s una seu associada a IAESTE Comunitat Valenciana, al seu torn delegaci\u00f3 d&#8217;<a title=\"IAESTE Espa\u00f1a\" href=\"http:\/\/www.iaeste.es\/index.php\">IAESTE Espanya<\/a>. Hi ha seus semblants en la Universitat Polit\u00e8cnica de Val\u00e8ncia i en la Universitat d&#8217;Alacant que funcionen com a associacions juvenils sense \u00e0nim de lucre la finalitat de la qual \u00e9s que els estudiants realitzen pr\u00e0ctiques remunerades de titulacions cientificot\u00e8cniques a l&#8217;estranger.<\/p>\n<p style=\"text-align: justify\">Estes seus, depenent de la seua dimensi\u00f3, es dividixen en diferents centres segons la seua branca d&#8217;estudis. Actualment en la UMH el centre actiu \u00e9s l&#8217;Escola Polit\u00e8cnica Superior d&#8217;Elx (EPSE) . D&#8217;haver-hi gent interessada en altres campus o altres escoles es tramitarien nous centres.&#8221;<\/p>\n<p style=\"text-align: justify\">Aix\u00ed mateix, la UMH a trav\u00e9s de l&#8217;Observatori Ocupacional es compromet a recon\u00e9ixer com a cr\u00e8dits de lliure elecci\u00f3 les activitats exercides pels alumnes de la UMH membres d&#8217;IAESTE i a posar a disposici\u00f3 dels nostres centres tots els mitjans necessaris per a desenvolupar la nostra labor.<\/p>\n<p style=\"text-align: justify\">El nostre centre IAESTE en la UMH t\u00e9 solera, no obstant este blog \u00e9s com un xiquet de bolquers i est\u00e0 en constant millora i creixement. Si teniu dubtes, suggeriments o qualsevol aportaci\u00f3 escriviu a elcheiaeste@gmail.com<br \/>\nEsperem que vos agrade.<\/p>\n<\/td>\n<\/tr>\n<\/tbody>\n<\/table>\n<p><\/p>","protected":false},"excerpt":{"rendered":"<p>Benvinguts al blog d&#8217;IAESTE en la UMH!<br \/>\nIAESTE UMH \u00e9s una seu associada a IAESTE Comunitat Valenciana, al seu torn delegaci\u00f3 d&#8217;IAESTE Espanya. Hi ha seus semblants en la Universitat Polit\u00e8cnica de Val\u00e8ncia i en la Universitat d&#8217;Alacant que funcionen com a associacions juvenils sense \u00e0nim de lucre la finalitat de la qual \u00e9s que els [&#8230;]<\/p>\n","protected":false},"author":1,"featured_media":0,"parent":0,"menu_order":1,"comment_status":"closed","ping_status":"open","template":"","meta":{"_links_to":"","_links_to_target":""},"_links":{"self":[{"href":"https:\/\/iaeste.umh.es\/ca\/wp-json\/wp\/v2\/pages\/4"}],"collection":[{"href":"https:\/\/iaeste.umh.es\/ca\/wp-json\/wp\/v2\/pages"}],"about":[{"href":"https:\/\/iaeste.umh.es\/ca\/wp-json\/wp\/v2\/types\/page"}],"author":[{"embeddable":true,"href":"https:\/\/iaeste.umh.es\/ca\/wp-json\/wp\/v2\/users\/1"}],"replies":[{"embeddable":true,"href":"https:\/\/iaeste.umh.es\/ca\/wp-json\/wp\/v2\/comments?post=4"}],"version-history":[{"count":0,"href":"https:\/\/iaeste.umh.es\/ca\/wp-json\/wp\/v2\/pages\/4\/revisions"}],"wp:attachment":[{"href":"https:\/\/iaeste.umh.es\/ca\/wp-json\/wp\/v2\/media?parent=4"}],"curies":[{"name":"wp","href":"https:\/\/api.w.org\/{rel}","templated":true}]}}