{"id":15,"date":"2013-03-24T10:12:49","date_gmt":"2013-03-24T09:12:49","guid":{"rendered":"http:\/\/iaeste.umh.es\/%c2%bfque-es-iaeste\/"},"modified":"2014-10-22T11:18:01","modified_gmt":"2014-10-22T10:18:01","slug":"%c2%bfque-es-iaeste","status":"publish","type":"page","link":"https:\/\/iaeste.umh.es\/en\/%c2%bfque-es-iaeste\/","title":{"rendered":"What is IAESTE?"},"content":{"rendered":"<p>IAESTE es un programa de movilidad internacional para la realizaci\u00f3n de pr\u00e1cticas profesionales remuneradas para estudiantes en el marco de la cooperaci\u00f3n Universidad-Empresa.<\/p>\n<p>El cuerpo internacional de IAESTE es una organizaci\u00f3n no gubernamental, independiente y apol\u00edtica, que mantiene una relaci\u00f3n consultiva con algunos organismos de Naciones Unidas como la UNESCO, ECOSOC, ILO, UNIDO, as\u00ed como con otras instituciones educativas.<\/p>\n<p>El programa IAESTE acumula desde sus or\u00edgenes m\u00e1s de 300.000 intercambios y es la asociaci\u00f3n con m\u00e1s experiencia en lo referente a la movilidad internacional en el \u00e1mbito universitario. Actualmente, forman parte de la asociaci\u00f3n m\u00e1s de 80 pa\u00edses.<\/p>\n<p>Sus objetivos principales son proporcionar a los estudiantes universitarios de especialidades t\u00e9cnicas y cient\u00edficas una experiencia profesional en el extranjero relacionada con sus estudios y promover el entendimiento y la buena voluntad entre los estudiantes de todo el mundo con independencia de sexo, raza, creencia o religi\u00f3n.<\/p>\n<p>A continuaci\u00f3n se muestra la baremaci\u00f3n interna de las becas.<\/p>\n<p><a href=\"https:\/\/iaeste.umh.es\/files\/2013\/03\/BAREMO-PUNTUACI\u00d3N-IAESTE-UMH.pdf\">BAREMO PUNTUACI\u00d3N IAESTE UMH<\/a><\/p>","protected":false},"excerpt":{"rendered":"<p>IAESTE es un programa de movilidad internacional para la realizaci\u00f3n de pr\u00e1cticas profesionales remuneradas para estudiantes en el marco de la cooperaci\u00f3n Universidad-Empresa.<br \/>\nEl cuerpo internacional de IAESTE es una organizaci\u00f3n no gubernamental, independiente y apol\u00edtica, que mantiene una relaci\u00f3n consultiva con algunos organismos de Naciones Unidas como la UNESCO, ECOSOC, ILO, UNIDO, as\u00ed como con [&#8230;]<\/p>\n","protected":false},"author":2721,"featured_media":0,"parent":0,"menu_order":0,"comment_status":"closed","ping_status":"open","template":"","meta":{"_links_to":"","_links_to_target":""},"_links":{"self":[{"href":"https:\/\/iaeste.umh.es\/en\/wp-json\/wp\/v2\/pages\/15"}],"collection":[{"href":"https:\/\/iaeste.umh.es\/en\/wp-json\/wp\/v2\/pages"}],"about":[{"href":"https:\/\/iaeste.umh.es\/en\/wp-json\/wp\/v2\/types\/page"}],"author":[{"embeddable":true,"href":"https:\/\/iaeste.umh.es\/en\/wp-json\/wp\/v2\/users\/2721"}],"replies":[{"embeddable":true,"href":"https:\/\/iaeste.umh.es\/en\/wp-json\/wp\/v2\/comments?post=15"}],"version-history":[{"count":0,"href":"https:\/\/iaeste.umh.es\/en\/wp-json\/wp\/v2\/pages\/15\/revisions"}],"wp:attachment":[{"href":"https:\/\/iaeste.umh.es\/en\/wp-json\/wp\/v2\/media?parent=15"}],"curies":[{"name":"wp","href":"https:\/\/api.w.org\/{rel}","templated":true}]}}