{"id":19,"date":"2013-03-24T12:56:03","date_gmt":"2013-03-24T11:56:03","guid":{"rendered":"http:\/\/iaeste.umh.es\/estudiantes\/becas-iaeste\/"},"modified":"2015-01-13T14:09:35","modified_gmt":"2015-01-13T13:09:35","slug":"becas-iaeste","status":"publish","type":"page","link":"https:\/\/iaeste.umh.es\/en\/estudiantes\/becas-iaeste\/","title":{"rendered":"Pr\u00e1cticas IAESTE"},"content":{"rendered":"<p>El Programa IAESTE ofrece la posibilidad a los estudiantes de carreras cient\u00edfico-t\u00e9cnicas de realizar pr\u00e1cticas remuneradas en pa\u00edses extranjeros durante un periodo de tiempo de entre 4 semanas y un a\u00f1o.<\/p>\n<p><strong>Caracter\u00edsticas de las pr\u00e1cticas:<\/strong><\/p>\n<p>&#8211; Permite obtener experiencia laboral antes de finalizar tus estudios.<\/p>\n<p>&#8211; Uso de idioma: ingl\u00e9s (68%), alem\u00e1n (12%), espa\u00f1ol (11%), franc\u00e9s (3%).<\/p>\n<p>&#8211; Duraci\u00f3n de 4 semanas a un a\u00f1o.<\/p>\n<p>&#8211; Remuneraci\u00f3n durante las pr\u00e1cticas.<\/p>\n<p>&#8211; Fechas de realizaci\u00f3n: principalmente durante el verano.<\/p>\n<p><strong>Funcionamiento del Programa:<\/strong><\/p>\n<p>El estudiante debe conseguir que una empresa espa\u00f1ola ofrezca una beca de pr\u00e1cticas a un estudiante extranjero para que pueda ser intercambiada entre los pa\u00edses miembros de IAESTE.<\/p>\n<p>Pod\u00e9is consultar las titulaciones que pueden participar en el intercambio de pr\u00e1cticas internacionales de IAESTE, as\u00ed como los pa\u00edses miembro de IAESTE.<\/p>\n<p><strong>Ventajas:<\/strong><\/p>\n<p>&#8211; Vivir en un pa\u00eds distinto, trabajando y ganando dinero.<\/p>\n<p>&#8211; Mejorar un idioma o aprender uno nuevo.<\/p>\n<p>&#8211; Conocer y descubrir otro pa\u00eds (lo que no sale en las gu\u00edas de viaje).<\/p>\n<p>&#8211; Obtener experiencia laboral antes de finalizar tus estudios.<\/p>\n<p>&#8211; Hacer amigos por todo el mundo.<\/p>\n<p>&#8211; Establecer v\u00ednculos con las empresas visitadas.<\/p>\n<p>&#8211; Adquirir aptitudes comerciales.<\/p>\n<p>-Convalidar las pr\u00e1cticas por cr\u00e9ditos de Libre Elecci\u00f3n (o cr\u00e9ditos optativos).<\/p>","protected":false},"excerpt":{"rendered":"<p>El Programa IAESTE ofrece la posibilidad a los estudiantes de carreras cient\u00edfico-t\u00e9cnicas de realizar pr\u00e1cticas remuneradas en pa\u00edses extranjeros durante un periodo de tiempo de entre 4 semanas y un a\u00f1o.<br \/>\nCaracter\u00edsticas de las pr\u00e1cticas:<br \/>\n&#8211; Permite obtener experiencia laboral antes de finalizar tus estudios.<br \/>\n&#8211; Uso de idioma: ingl\u00e9s (68%), alem\u00e1n (12%), espa\u00f1ol (11%), franc\u00e9s (3%).<br \/>\n&#8211; Duraci\u00f3n [&#8230;]<\/p>\n","protected":false},"author":2721,"featured_media":0,"parent":7,"menu_order":0,"comment_status":"closed","ping_status":"open","template":"","meta":{"_links_to":"","_links_to_target":""},"_links":{"self":[{"href":"https:\/\/iaeste.umh.es\/en\/wp-json\/wp\/v2\/pages\/19"}],"collection":[{"href":"https:\/\/iaeste.umh.es\/en\/wp-json\/wp\/v2\/pages"}],"about":[{"href":"https:\/\/iaeste.umh.es\/en\/wp-json\/wp\/v2\/types\/page"}],"author":[{"embeddable":true,"href":"https:\/\/iaeste.umh.es\/en\/wp-json\/wp\/v2\/users\/2721"}],"replies":[{"embeddable":true,"href":"https:\/\/iaeste.umh.es\/en\/wp-json\/wp\/v2\/comments?post=19"}],"version-history":[{"count":0,"href":"https:\/\/iaeste.umh.es\/en\/wp-json\/wp\/v2\/pages\/19\/revisions"}],"up":[{"embeddable":true,"href":"https:\/\/iaeste.umh.es\/en\/wp-json\/wp\/v2\/pages\/7"}],"wp:attachment":[{"href":"https:\/\/iaeste.umh.es\/en\/wp-json\/wp\/v2\/media?parent=19"}],"curies":[{"name":"wp","href":"https:\/\/api.w.org\/{rel}","templated":true}]}}