{"id":4,"date":"2013-02-26T17:27:42","date_gmt":"2013-02-26T16:27:42","guid":{"rendered":"http:\/\/iaeste.zeus.umh.es\/presentacion\/"},"modified":"2024-01-23T14:17:25","modified_gmt":"2024-01-23T13:17:25","slug":"presentacion","status":"publish","type":"page","link":"https:\/\/iaeste.umh.es\/en\/","title":{"rendered":"Presentation"},"content":{"rendered":"<p><\/p>\n<table style=\"border: none\" width=\"660\">\n<tbody>\n<tr>\n<td style=\"border-color: transparent\"><img loading=\"lazy\" class=\"alignleft size-full wp-image-6\" title=\"Escudo IAESTE\" alt=\"\" src=\"https:\/\/iaeste.umh.es\/files\/2013\/03\/escudo-iaeste.jpeg\" width=\"250\" height=\"190\" \/><\/td>\n<td style=\"border-color: transparent;text-align: justify\"><span style=\"line-height: 19px;text-align: justify\">\u00a1Bienvenidos al blog de IAESTE en la UMH!<\/span><\/p>\n<p><span style=\"line-height: 19px;text-align: justify\">IAESTE UMH es una sede asociada a IAESTE Comunidad Valenciana, a su vez delegaci\u00f3n de\u00a0<\/span><a title=\"IAESTE Espa\u00f1a\" href=\"http:\/\/www.iaeste.es\/index.php\/en\/\"><span style=\"line-height: 19px\">IAESTE Espa\u00f1a<\/span><\/a><span style=\"text-align: justify;line-height: 19px\">. Existen sedes similares\u00a0en la Universidad Polit\u00e9cnica de Valencia y en la Universidad de Alicante \u00a0que funcionan como asociaciones juveniles sin \u00e1nimo de lucro cuya finalidad es que los estudiantes realicen pr\u00e1cticas remuneradas de su titulaci\u00f3n en el extranjero.<\/span><\/p>\n<p>Estas sedes, dependiendo de su tama\u00f1o, se dividen en diferentes centros seg\u00fan su rama de estudios. Actualmente en la UMH el centro activo es la Escuela Polit\u00e9cnica Superior de Elche (EPSE). De haber gente interesada en otros campus se tramitar\u00edan nuevos centros.<\/p>\n<p>As\u00ed mismo, la UMH a trav\u00e9s del Observatorio Ocupacional se compromete a reconocer como cr\u00e9ditos de libre elecci\u00f3n las actividades desarrolladas por los alumnos de la UMH miembros de IAESTE y a poner a disposici\u00f3n de nuestros centros todos los medios necesarios para desarrollar nuestra labor.<\/p>\n<p>Nuestro centro IAESTE en la UMH tiene solera, no obstante este blog es como un reci\u00e9n nacido y est\u00e1 en constante mejora y crecimiento. Si ten\u00e9is dudas, sugerencias o cualquier aportaci\u00f3n dirig\u00edos a elcheiaeste@gmail.com<br \/>\nEsperamos que os guste.<\/td>\n<\/tr>\n<\/tbody>\n<\/table>\n<p><\/p>","protected":false},"excerpt":{"rendered":"<p>\u00a1Bienvenidos al blog de IAESTE en la UMH!<br \/>\nIAESTE UMH es una sede asociada a IAESTE Comunidad Valenciana, a su vez delegaci\u00f3n de\u00a0IAESTE Espa\u00f1a. Existen sedes similares\u00a0en la Universidad Polit\u00e9cnica de Valencia y en la Universidad de Alicante \u00a0que funcionan como asociaciones juveniles sin \u00e1nimo de lucro cuya finalidad es que los estudiantes realicen pr\u00e1cticas remuneradas [&#8230;]<\/p>\n","protected":false},"author":1,"featured_media":0,"parent":0,"menu_order":1,"comment_status":"closed","ping_status":"open","template":"","meta":{"_links_to":"","_links_to_target":""},"_links":{"self":[{"href":"https:\/\/iaeste.umh.es\/en\/wp-json\/wp\/v2\/pages\/4"}],"collection":[{"href":"https:\/\/iaeste.umh.es\/en\/wp-json\/wp\/v2\/pages"}],"about":[{"href":"https:\/\/iaeste.umh.es\/en\/wp-json\/wp\/v2\/types\/page"}],"author":[{"embeddable":true,"href":"https:\/\/iaeste.umh.es\/en\/wp-json\/wp\/v2\/users\/1"}],"replies":[{"embeddable":true,"href":"https:\/\/iaeste.umh.es\/en\/wp-json\/wp\/v2\/comments?post=4"}],"version-history":[{"count":0,"href":"https:\/\/iaeste.umh.es\/en\/wp-json\/wp\/v2\/pages\/4\/revisions"}],"wp:attachment":[{"href":"https:\/\/iaeste.umh.es\/en\/wp-json\/wp\/v2\/media?parent=4"}],"curies":[{"name":"wp","href":"https:\/\/api.w.org\/{rel}","templated":true}]}}